{"id":2,"date":"2019-04-09T12:49:32","date_gmt":"2019-04-09T10:49:32","guid":{"rendered":"http:\/\/josemanueldelvalle.es\/?page_id=2"},"modified":"2023-06-07T10:05:03","modified_gmt":"2023-06-07T08:05:03","slug":"proximamente","status":"publish","type":"page","link":"https:\/\/josemanueldelvalle.es\/","title":{"rendered":"Servicio actualmente suspendido"},"content":{"rendered":"\n<p>Durante m\u00e1s de 25 a\u00f1os he desarrollado mi labor profesional como psic\u00f3logo cl\u00ednico prestando atenci\u00f3n a centenares de personas, esta labor se ha llevado a cabo simult\u00e1neamente con otras actividades profesionales, como la edici\u00f3n de la Revista Conductual, la participaci\u00f3n en otros proyectos y la propia gesti\u00f3n del Estudio de Psicolog\u00eda adem\u00e1s de otras actividades profesionales ajenas al mundo de la psicolog\u00eda. <\/p>\n\n\n\n<p>Despu\u00e9s de estos a\u00f1os en los que una gran parte del d\u00eda era ocupada por actividades enmarcadas en el \u00e1mbito laboral, en jornadas maratonianas, he decidido suspender mi actividad cl\u00ednica y de gesti\u00f3n del centro por un tiempo indefinido y ganar tiempo para explorar otras actividades de desarrollo personal.<\/p>\n\n\n\n<p>Por supuesto mantengo con todos los usuarios del Estudio de Psicolog\u00eda el compromiso de accesibilidad, informaci\u00f3n y consulta adquirido cuando confiaron en este servicio.<\/p>\n\n\n\n<p>Para cualquiera que acceda a estas p\u00e1ginas y desee alg\u00fan tipo de informaci\u00f3n si\u00e9ntase libre de contactar preferiblemente por correo electr\u00f3nico y sus dudas ser\u00e1n respondidas.<\/p>\n\n\n\n<p class=\"has-text-align-right\">Jose Manuel del Valle<\/p>\n\n\n\n<p><\/p>\n","protected":false},"excerpt":{"rendered":"<p>Durante m\u00e1s de 25 a\u00f1os he desarrollado mi labor profesional como psic\u00f3logo cl\u00ednico prestando atenci\u00f3n a centenares de personas, esta labor se ha llevado a cabo simult\u00e1neamente con otras actividades profesionales, como la edici\u00f3n de la Revista Conductual, la participaci\u00f3n en otros proyectos y la propia gesti\u00f3n del Estudio de Psicolog\u00eda adem\u00e1s de otras actividades &hellip; <\/p>\n<p class=\"link-more\"><a href=\"https:\/\/josemanueldelvalle.es\/\" class=\"more-link\">Continue reading<span class=\"screen-reader-text\"> &#8220;Servicio actualmente suspendido&#8221;<\/span><\/a><\/p>\n","protected":false},"author":1,"featured_media":0,"parent":0,"menu_order":0,"comment_status":"closed","ping_status":"closed","template":"","meta":{"footnotes":""},"class_list":["post-2","page","type-page","status-publish","hentry"],"_links":{"self":[{"href":"https:\/\/josemanueldelvalle.es\/index.php?rest_route=\/wp\/v2\/pages\/2","targetHints":{"allow":["GET"]}}],"collection":[{"href":"https:\/\/josemanueldelvalle.es\/index.php?rest_route=\/wp\/v2\/pages"}],"about":[{"href":"https:\/\/josemanueldelvalle.es\/index.php?rest_route=\/wp\/v2\/types\/page"}],"author":[{"embeddable":true,"href":"https:\/\/josemanueldelvalle.es\/index.php?rest_route=\/wp\/v2\/users\/1"}],"replies":[{"embeddable":true,"href":"https:\/\/josemanueldelvalle.es\/index.php?rest_route=%2Fwp%2Fv2%2Fcomments&post=2"}],"version-history":[{"count":14,"href":"https:\/\/josemanueldelvalle.es\/index.php?rest_route=\/wp\/v2\/pages\/2\/revisions"}],"predecessor-version":[{"id":70,"href":"https:\/\/josemanueldelvalle.es\/index.php?rest_route=\/wp\/v2\/pages\/2\/revisions\/70"}],"wp:attachment":[{"href":"https:\/\/josemanueldelvalle.es\/index.php?rest_route=%2Fwp%2Fv2%2Fmedia&parent=2"}],"curies":[{"name":"wp","href":"https:\/\/api.w.org\/{rel}","templated":true}]}}